{"id":480,"date":"2020-10-15T12:10:02","date_gmt":"2020-10-15T10:10:02","guid":{"rendered":"http:\/\/www.fincaalbret.com\/?page_id=480"},"modified":"2020-10-15T12:10:02","modified_gmt":"2020-10-15T10:10:02","slug":"politica-de-cookies","status":"publish","type":"page","link":"https:\/\/www.fincaalbret.com\/en\/politica-de-cookies\/","title":{"rendered":"Pol\u00edtica de cookies"},"content":{"rendered":"<h1>POL\u00cdTICA DE COOKIES<\/h1>\n<p>&nbsp;<\/p>\n<p>El dominio www.bodegasclunia.com utiliza procedimientos autom\u00e1ticos de recogida (Cookies) para reunir informaci\u00f3n personal como puede ser el tipo de navegador o sistema operativo, p\u00e1gina de referencia, ruta, dominio ISP (Proveedor de Internet), etc. todo ello con el fin de mejorar los servicios prestados. Las Cookies nos ayudan a adaptar esta p\u00e1gina web a sus necesidades personales.<\/p>\n<p>Una &#8220;Cookie&#8221; es un peque\u00f1o archivo que se almacena en el ordenador del usuario y nos permite reconocerle. El conjunto de &#8220;cookies&#8221; nos ayuda a mejorar la calidad de nuestra web, permiti\u00e9ndonos as\u00ed personalizar hasta cierto punto la navegaci\u00f3n de cada usuario por nuestra web. Las cookies actualmente son esenciales para el funcionamiento de internet, aportando innumerables ventajas en la prestaci\u00f3n de servicios interactivos, facilit\u00e1ndole la navegaci\u00f3n y usabilidad de nuestra web.<\/p>\n<p>Tenga en cuenta que las cookies no pueden da\u00f1ar su equipo y que, a cambio, el que est\u00e9n activadas nos ayudan a identificar y resolver los errores y mejorar la navegabilidad de nuestro sitio.<\/p>\n<p><strong>Tipolog\u00eda de cookies:<\/strong><\/p>\n<p>Para una mayor informaci\u00f3n del usuario sobre la tipolog\u00eda y uso de las cookies le informamos que:<\/p>\n<p>&nbsp;<\/p>\n<ul>\n<li>Desde el punto de vista <strong>de \u2018tiempo de vida\u2019 de la cookie<\/strong> (tiempo que la cookie permanece activa en nuestro equipo) podemos diferenciar las cookies entre:<\/li>\n<\/ul>\n<p>&nbsp;<\/p>\n<ol>\n<li><strong>Cookies de sesi\u00f3n:<\/strong> son cookies temporales que permanecen en el archivo de cookies de su navegador hasta que abandone la p\u00e1gina web, por lo que ninguna queda registrada en el disco duro del usuario. La informaci\u00f3n obtenida por medio de estas cookies, sirven para analizar pautas de tr\u00e1fico en la web. A la larga, esto nos permite proporcionar una mejor experiencia para mejorar el contenido y facilitando su uso.<\/li>\n<li><strong>Cookies permanentes:<\/strong> son almacenadas en el disco duro y nuestra web las lee cada vez que usted realiza una nueva visita. Una cookie permanente posee una fecha de expiraci\u00f3n determinada. La cookie dejar\u00e1 de funcionar despu\u00e9s de esa fecha. Las utilizamos, generalmente, para facilitar los servicios de compra y registro.<\/li>\n<\/ol>\n<p>&nbsp;<\/p>\n<ul>\n<li>Desde el punto de vista <strong>del uso de cada cookie<\/strong>, podemos diferenciar entre:<\/li>\n<\/ul>\n<p>&nbsp;<\/p>\n<ol>\n<li><strong>Cookies Requeridas:<\/strong> son las cookies estrictamente necesarias como, por ejemplo, aquellas que sirvan para una correcta navegaci\u00f3n o las que permitan realizar el pago de bienes o servicios solicitados por el usuario o cookies que sirvan para asegurar que el contenido de la p\u00e1gina web se carga eficazmente.<\/li>\n<\/ol>\n<p>&nbsp;<\/p>\n<p>Dentro de la categor\u00eda de cookies Requeridas se pueden encontrar tambi\u00e9n cookies con las siguientes finalidades:<\/p>\n<p>&nbsp;<\/p>\n<ul>\n<li>Permitir \u00fanicamente la comunicaci\u00f3n entre el equipo del usuario y la red.<\/li>\n<li>Estrictamente prestar un servicio expresamente solicitado por el usuario.<\/li>\n<\/ul>\n<p>&nbsp;<\/p>\n<p>En estos dos casos le informamos que no se requiere la informaci\u00f3n y el consentimiento del usuario para la instalaci\u00f3n de las referidas cookies. En concreto, seg\u00fan el Grupo de Trabajo de Expertos de la UE, en el Art\u00edculo 29 de su Dictamen 4\/20123 ha interpretado que entre las cookies exceptuadas estar\u00edan aquellas que tienen por finalidad:<\/p>\n<p>&nbsp;<\/p>\n<ul>\n<li>Cookies de \u201centrada del usuario\u201d<\/li>\n<li>Cookies de autenticaci\u00f3n o identificaci\u00f3n de usuario (\u00fanicamente de sesi\u00f3n)<\/li>\n<li>Cookies de seguridad del usuario<\/li>\n<li>Cookies de sesi\u00f3n de reproductor multimedia<\/li>\n<li>Cookies de sesi\u00f3n para equilibrar la carga<\/li>\n<li>Cookies de personalizaci\u00f3n de la interfaz de usuario<\/li>\n<li>Cookies de complemento (plug-in) para intercambiar contenidos sociales<\/li>\n<\/ul>\n<p>Para todo el resto de las cookies Requeridas no incluidas en los anteriores supuestos requerir\u00e1n la informaci\u00f3n previa y el consentimiento del usuario.<\/p>\n<p>&nbsp;<\/p>\n<ol>\n<li><strong>Cookies funcionales<\/strong>: Son cookies que ayudan al usuario a tener una mejor experiencia de la navegaci\u00f3n por el sitio. Un ejemplo de uso de este tipo de cookies son las que se utilizan para almacenar los datos de navegaci\u00f3n de un determinado idioma.<\/li>\n<li><strong>Cookies anal\u00edticas<\/strong>: son cookies que nos permiten analizar el uso del Sitio web, de manera que podamos medir y mejorar el funcionamiento.<\/li>\n<li><strong>Cookies de Publicidad y de Terceros<\/strong>: son las cookies usadas por redes sociales, o por complementos externos de contenido como google maps como tambi\u00e9n cookies de empresas publicitarias para publicar anuncios relevantes para sus intereses.<\/li>\n<\/ol>\n<p>BODEGAS PRINCIPE DE VIANA, S.L. guarda toda la informaci\u00f3n recogida a trav\u00e9s de las Cookies en un formato no personalizado (direcci\u00f3n de IP). Este tipo de informaci\u00f3n obtenida a trav\u00e9s de las Cookies no ser\u00e1 revelado fuera de BODEGAS PRINCIPE DE VIANA, S.L. , ni utilizada para comunicaciones no solicitadas.<\/p>\n<p>&nbsp;<\/p>\n<p><strong>Privacidad adecuada\u2013 Gesti\u00f3n de cookies:<\/strong><\/p>\n<p><strong>\u00a0<\/strong><\/p>\n<p>En caso de que el usuario lo quisiera,\u00a0 el registro de las cookies podr\u00e1 estar sujeto a su aceptaci\u00f3n durante la instalaci\u00f3n o puesta al d\u00eda del navegador usado. El usuario\u00a0 puede en todo momento revocar su aceptaci\u00f3n mediante las opciones de configuraci\u00f3n de contenidos y privacidad disponibles en cada navegador. No obstante, en caso de que el usuario no permita la instalaci\u00f3n de cookies en su navegador es posible que no pueda acceder a alguna de las secciones de nuestro sitio web.<\/p>\n<p>&nbsp;<\/p>\n<p>Para m\u00e1s informaci\u00f3n sobre la configuraci\u00f3n apropiada de las cookies y las opciones de activaci\u00f3n, restricci\u00f3n y\/o inhabilitaci\u00f3n se debe acudir en\u00a0 la secci\u00f3n de ayuda de su navegador para conocer m\u00e1s:<\/p>\n<p>&nbsp;<\/p>\n<ul>\n<li>M\u00e1s informaci\u00f3n sobre como bloquear el uso de las cookies en <a href=\"https:\/\/support.google.com\/chrome\/answer\/95647?hl=es\">Google Chrome<\/a><\/li>\n<li>M\u00e1s informaci\u00f3n sobre como bloquear el uso de las cookies en <a href=\"http:\/\/support.mozilla.org\/es\/kb\/habilitar-y-deshabilitar-cookies-que-los-sitios-we?esab=a&amp;s=cookies&amp;r=7&amp;as=s\">Firefox<\/a><\/li>\n<li>M\u00e1s informaci\u00f3n sobre como bloquear el uso de las cookies en <a href=\"http:\/\/windows.microsoft.com\/es-es\/windows7\/how-to-manage-cookies-in-internet-explorer-9\">Internet Explorer<\/a><\/li>\n<li>M\u00e1s informaci\u00f3n sobre como bloquear el uso de las cookies en <a href=\"http:\/\/support.apple.com\/kb\/HT1677?viewlocale=es_ES\">Safari<\/a><\/li>\n<\/ul>\n<p>&nbsp;<\/p>\n<p>Muchos navegadores permiten activar un modo privado mediante el cual las cookies se borran siempre despu\u00e9s de su visita. Dependiendo de cada navegador este modo privado, puede tener diferentes nombres. A continuaci\u00f3n, encontrar\u00e1 una lista de los navegadores m\u00e1s comunes y los diferentes nombres de este \u201cmodo privado\u201d:<\/p>\n<p>&nbsp;<\/p>\n<ul>\n<li>Internet Explorer 8 y superior; InPrivate<\/li>\n<li>Safari 2 y superior; Navegaci\u00f3n Privada<\/li>\n<li>Opera 10.5 y superior; Navegaci\u00f3n Privada<\/li>\n<li>Fire Fox 3.5 y superior; Navegaci\u00f3n Privada<\/li>\n<li>Google Chrome 10 y superior; Inc\u00f3gnito<\/li>\n<li><\/li>\n<\/ul>\n<p><strong>Relaci\u00f3n y descripci\u00f3n de cookies:<\/strong><\/p>\n<p>La tabla que publicamos a continuaci\u00f3n recoge de forma esquematizada las cookies anteriormente descritas y utilizadas en el sitio web http:\/\/www.principedeviana.com :<\/p>\n<p>&nbsp;<\/p>\n<table width=\"606\">\n<tbody>\n<tr>\n<td width=\"118\"><strong>Nombre de cookie<\/strong><\/td>\n<td width=\"118\"><strong>Dominio de cookie<\/strong><\/td>\n<td width=\"68\"><strong>Expira<\/strong><\/p>\n<p><strong>(sesi\u00f3n, permanente)<\/strong><\/td>\n<td width=\"302\"><strong>Uso de cookie<\/strong><\/p>\n<p><strong>(Requerida-Funcional-Anal\u00edtica-Terceros\/Publicidad)<\/strong><\/td>\n<\/tr>\n<tr>\n<td width=\"118\"><strong>_utma<\/strong><\/td>\n<td width=\"118\">Bodegasclunia.com<\/td>\n<td width=\"68\">2 a\u00f1os<\/td>\n<td width=\"302\">Cookies anal\u00edticas (Google Analytics): Almacena el n\u00famero de visitas de cada usuario, el momento de la primera visita, la visita anterior, y la visita actual<\/td>\n<\/tr>\n<tr>\n<td width=\"118\"><strong>_utmb<\/strong><\/td>\n<td width=\"118\">Bodegasclunia.com<\/td>\n<td width=\"68\">Sesi\u00f3n<\/td>\n<td width=\"302\">Cookies anal\u00edticas (Google Analytics): Se utiliza para comprobar aproximadamente cu\u00e1nto tiempo te quedas en un sitio<\/td>\n<\/tr>\n<tr>\n<td width=\"118\"><strong>_utmc<\/strong><\/td>\n<td width=\"118\">Bodegasclunia.com<\/td>\n<td width=\"68\">Sesi\u00f3n<\/td>\n<td width=\"302\">Cookies anal\u00edticas (Google Analytics): Utilizado para comprobar aproximadamente cu\u00e1nto tiempo te quedas en un sitio<\/td>\n<\/tr>\n<tr>\n<td width=\"118\"><strong>_utmz<\/strong><\/td>\n<td width=\"118\">Bodegasclunia.com<\/td>\n<td width=\"68\">6 meses<\/td>\n<td width=\"302\">Cookies anal\u00edticas (Google Analytics): Sitios desde donde un visitante vino (motor de b\u00fasqueda, palabra clave de b\u00fasqueda, enlace)<\/td>\n<\/tr>\n<tr>\n<td width=\"118\"><strong>utmt<\/strong><\/td>\n<td width=\"118\">Bodegasclunia.com<\/td>\n<td width=\"68\">10 minutos<\/td>\n<td width=\"302\">Esta cookie es establecida por Google Analytics. De acuerdo con su documentaci\u00f3n se utiliza para limitar la tasa de solicitud para el servicio &#8211; limitando la recopilaci\u00f3n de datos en sitios de alto tr\u00e1fico<\/td>\n<\/tr>\n<\/tbody>\n<\/table>\n<ul>\n<li>Para conocer m\u00e1s sobre las cookies de Google Analytics puede visitar la siguiente p\u00e1gina: <a href=\"https:\/\/policies.google.com\/technologies\/cookies?hl=es\">https:\/\/policies.google.com\/technologies\/cookies?hl=es<\/a> \u00a0. Puede desactivar las cookies de Google Analytics a trav\u00e9s del siguiente enlace: <a href=\"https:\/\/tools.google.com\/dlpage\/gaoptout\">https:\/\/tools.google.com\/dlpage\/gaoptout<\/a> .<\/li>\n<li>Para m\u00e1s informaci\u00f3n sobre cookies y sus derechos como usuario puede consultar la Gu\u00eda sobre el uso de cookies elaborada por la Agencia Espa\u00f1ola de Protecci\u00f3n de Datos con la colaboraci\u00f3n de las asociaciones ADIGITAL, Anunciantes, AUTOCONTROL e IAB Spain: <a href=\"https:\/\/www.aepd.es\/media\/guias\/guia-cookies.pdf\">https:\/\/www.aepd.es\/media\/guias\/guia-cookies.pdf<\/a><\/li>\n<\/ul>\n","protected":false},"excerpt":{"rendered":"<p>POL\u00cdTICA DE COOKIES &nbsp; El dominio www.bodegasclunia.com utiliza procedimientos autom\u00e1ticos de recogida (Cookies) para reunir informaci\u00f3n personal como puede ser el tipo de navegador o sistema operativo, p\u00e1gina de referencia, ruta, dominio ISP (Proveedor de Internet), etc. todo ello con el fin de mejorar los&#8230;<\/p>\n","protected":false},"author":2,"featured_media":0,"parent":0,"menu_order":0,"comment_status":"closed","ping_status":"closed","template":"","meta":[],"translation":{"provider":"WPGlobus","version":"2.12.2","language":"en","enabled_languages":["es","en"],"languages":{"es":{"title":true,"content":true,"excerpt":false},"en":{"title":false,"content":false,"excerpt":false}}},"_links":{"self":[{"href":"https:\/\/www.fincaalbret.com\/en\/wp-json\/wp\/v2\/pages\/480"}],"collection":[{"href":"https:\/\/www.fincaalbret.com\/en\/wp-json\/wp\/v2\/pages"}],"about":[{"href":"https:\/\/www.fincaalbret.com\/en\/wp-json\/wp\/v2\/types\/page"}],"author":[{"embeddable":true,"href":"https:\/\/www.fincaalbret.com\/en\/wp-json\/wp\/v2\/users\/2"}],"replies":[{"embeddable":true,"href":"https:\/\/www.fincaalbret.com\/en\/wp-json\/wp\/v2\/comments?post=480"}],"version-history":[{"count":2,"href":"https:\/\/www.fincaalbret.com\/en\/wp-json\/wp\/v2\/pages\/480\/revisions"}],"predecessor-version":[{"id":485,"href":"https:\/\/www.fincaalbret.com\/en\/wp-json\/wp\/v2\/pages\/480\/revisions\/485"}],"wp:attachment":[{"href":"https:\/\/www.fincaalbret.com\/en\/wp-json\/wp\/v2\/media?parent=480"}],"curies":[{"name":"wp","href":"https:\/\/api.w.org\/{rel}","templated":true}]}}