{"id":476,"date":"2020-10-15T12:09:20","date_gmt":"2020-10-15T10:09:20","guid":{"rendered":"http:\/\/www.fincaalbret.com\/?page_id=476"},"modified":"2020-10-15T15:26:31","modified_gmt":"2020-10-15T13:26:31","slug":"aviso-legal","status":"publish","type":"page","link":"https:\/\/www.fincaalbret.com\/en\/aviso-legal\/","title":{"rendered":"Aviso legal"},"content":{"rendered":"<p>[vc_row css_animation=&#8221;&#8221; row_type=&#8221;row&#8221; use_row_as_full_screen_section=&#8221;no&#8221; type=&#8221;full_width&#8221; angled_section=&#8221;no&#8221; text_align=&#8221;left&#8221; background_image_as_pattern=&#8221;without_pattern&#8221;][vc_column][vc_column_text]<\/p>\n<h1>AVISO LEGAL<\/h1>\n<p>&nbsp;<\/p>\n<p><em>En virtud del cumplimiento de la Ley 34\/2002, de 11 de Julio, de Servicios de la Sociedad de la Informaci\u00f3n y de Comercio Electr\u00f3nico, le informamos:<\/em><\/p>\n<ol>\n<li><strong>Objeto<\/strong><\/li>\n<\/ol>\n<p><em>El prestador de servicios de la p\u00e1gina web<\/em> http:\/\/www.bodegasclunia.com es BODEGAS PRINCIPE DE VIANA, S.L. con Domicilio Social a\u00a0 C\/Mayor, n\u00ba 191 (provincia de Navarra), CIF n\u00ba B31130438 La empresa consta inscrita en el Registro Mercantil de Navarra al tomo 301 folio 107, hoja NA- 6549.<\/p>\n<p><strong>A efectos de este documento el tel\u00e9fono de contacto es <\/strong>948 64 62 63 <strong>\u00a0y el correo electr\u00f3nico de contacto es <\/strong><a href=\"https:\/\/edgestion.dge.es\/DGE-RGPD-2020-000115\/_layouts\/listform.aspx?PageType=4&amp;ListId=%7b36D4264D-C739-4E8A-B2BF-1CD9F5B74182%7d&amp;ID=1&amp;ContentTypeID=0x0100764A2011F08348E695A16F02966BEAB100C5A097CDF9FC3F4CB147C57FE3B95DEF\">protecciondatos@principedeviana.com<\/a><\/p>\n<p>Este Aviso Legal regula la utilizaci\u00f3n de dicho dominio.<\/p>\n<p>La utilizaci\u00f3n de este sitio web implica la aceptaci\u00f3n por parte del Usuario de las condiciones de uso incluidas en este Aviso como tambi\u00e9n nuestras pol\u00edticas sobre \u2018Protecci\u00f3n de Datos y Privacidad\u2019 y \u2018Pol\u00edtica de uso de Cookies\u2019. En el caso de que ciertos servicios contenidos y\/o herramientas ofrecidos a trav\u00e9s de este \u201cPortal\u201d requirieran de la aplicaci\u00f3n condiciones particulares estas se pondr\u00e1n a disposici\u00f3n del Usuario.<\/p>\n<p>Por otra parte, BODEGAS PRINCIPE DE VIANA, S.L. advierte que, tanto los contenidos y servicios de esta p\u00e1gina web como las propias condiciones de utilizaci\u00f3n, pueden ser modificados sin notificaci\u00f3n previa.<\/p>\n<ol start=\"2\">\n<li><strong> Condiciones de utilizaci\u00f3n.<\/strong><\/li>\n<\/ol>\n<p>El Usuario se compromete a que, en los apartados en que sea necesario que se registre para poder acceder a los mismos, facilitar datos veraces, exactos y completos sobre su identidad. Adem\u00e1s, se compromete a mantener actualizados los datos personales que pudieran ser proporcionados a titular del dominio, por lo tanto, \u00fanico responsable de las falsedades o inexactitudes que realice.<\/p>\n<p>Se informa que en caso de ser menor de edad deber\u00e1 obtener el permiso de sus padres, tutores o representantes legales para poder acceder a los servicios prestados. BODEGAS PRINCIPE DE VIANA, S.L. no se responsabiliza en el caso de que los datos sobre este tema sean inexactos o falsos.<\/p>\n<p>El \u201cportal\u201d s\u00f3lo puede ser utilizado con prop\u00f3sitos legales por tanto el usuario se obliga a hacer un uso l\u00edcito y honrado del portal y conforme a las presentes Condiciones Generales de Uso, a No utilizar los servicios del \u201cportal\u201d para la realizaci\u00f3n de actividades contrarias a las legislaci\u00f3n espa\u00f1ola, a la moral y al orden p\u00fablico, asumiendo por parte del usuario todas las responsabilidades de da\u00f1os y perjuicios frente al titular del dominio o terceros que pudieran derivarse de pr\u00e1cticas ilegales o no permitidas entres otras y a t\u00edtulo enunciativo y no limitativo:<\/p>\n<p>Realizar sin previo consentimiento por parte del titular del dominio cualquier manipulaci\u00f3n o alteraci\u00f3n de esta p\u00e1gina, no asumiendo el titular del dominio ninguna responsabilidad que pudiera derivarse, de dicha manipulaci\u00f3n o alteraci\u00f3n por terceros<\/p>\n<p>Realizar cualquier acto que pueda da\u00f1ar, inutilizar, sobrecargar, o deteriorar el Portal y los servicios y\/o impedir el normal uso y utilizaci\u00f3n por parte de los Usuarios<\/p>\n<p>Introducir y\/o Utilizar programas de ordenador, datos, archivos defectuosos, virus, c\u00f3digo malicioso, equipos inform\u00e1ticos o de telecomunicaciones o cualquier otro, independientemente de su naturaleza\u00a0 que pueda causar da\u00f1os en el Portal, en cualquiera de los servicios, o en cualesquiera activos (f\u00edsicos o l\u00f3gicos) de los sistemas de informaci\u00f3n de titular del dominio<\/p>\n<p>Violar los derechos de terceros a la intimidad, la propia imagen, la protecci\u00f3n de datos al secreto en las comunicaciones,\u00a0 a la propiedad intelectual e industrial.<\/p>\n<p>Ocultar y falsear el origen de mensajes de correo electr\u00f3nico<\/p>\n<p>Utilizar identidades falsas, suplantar la identidad de otros en la utilizaci\u00f3n del Portal o en la utilizaci\u00f3n de cualquiera de los servicios<\/p>\n<p>Reproducir, distribuir, modificar o copiar el contenido de esta p\u00e1gina, salvo que de disponga de la autorizaci\u00f3n del titular del dominio o est\u00e9 legalmente autorizado.<\/p>\n<p>Transmitir a terceros no autorizados los nombres de Usuario y las claves de acceso<\/p>\n<p>BODEGAS PRINCIPE DE VIANA, S.L.\u00a0 no responde de los Enlaces (LINKS) a otras p\u00e1ginas de Internet de terceros y su existencia no implica que BODEGAS PRINCIPE DE VIANA, S.L. apruebe o acepte sus contenidos y servicios. Estas otras p\u00e1ginas web no est\u00e1n controladas por BODEGAS PRINCIPE DE VIANA, S.L. ni cubiertas por la presente Pol\u00edtica de Privacidad. Si accede a otras p\u00e1ginas web utilizando los enlaces proporcionados, los operadores de dichos sitios web podr\u00e1n recoger su informaci\u00f3n personal. Aseg\u00farese que est\u00e1 conforme con las Pol\u00edticas de Privacidad de estas terceras p\u00e1ginas web antes de facilitar ning\u00fan tipo de informaci\u00f3n personal.<\/p>\n<p>Con car\u00e1cter general, el titular del dominio, excluye su responsabilidad por los da\u00f1os y perjuicios de cualquier naturaleza e \u00edndole que pudieran derivarse del uso del sitio web de, as\u00ed como a los da\u00f1os y perjuicios derivados\u00a0 de la infracci\u00f3n de los derechos de propiedad Intelectual e Industrial por parte de los usuarios y\/o la falta de veracidad, exactitud,\u00a0 y actualidad de los contenidos, ni le podr\u00e1n ser exigidas responsabilidades por la interrupci\u00f3n del servicio, inadecuado funcionamiento o imposibilidad de acceso al servicio.<\/p>\n<p>El titular del dominio no ser\u00e1 responsable por los da\u00f1os y perjuicios causados por la presencia de virus o cualquier otro software lesivo que pueda producir alteraciones en el sistema inform\u00e1tico del Usuario.<\/p>\n<p>El sitio web, incluyendo a t\u00edtulo enunciativo, pero no limitativo, su programaci\u00f3n, dise\u00f1os, logotipos, texto y\/o gr\u00e1ficos son propiedad del prestador o en su caso dispone de licencia o autorizaci\u00f3n expresa por parte de los autores.<\/p>\n<p>Independientemente de la finalidad para la que fueran destinados, la reproducci\u00f3n total o parcial, uso, explotaci\u00f3n, distribuci\u00f3n y comercializaci\u00f3n, requiere en todo caso de la autorizaci\u00f3n escrita previa por parte del titular del dominio.<\/p>\n<p>El usuario se compromete a no realizar ning\u00fan acto en contra de los derechos de propiedad intelectual o industrial del autor.<\/p>\n<p>El prestador autoriza\u00a0 expresamente a que terceros puedan redirigir directamente a los contenidos concretos del sitio web, debiendo en todo caso redirigir al sitio web principal del prestador.<\/p>\n<ol start=\"3\">\n<li><strong>Uso de cookies<\/strong><\/li>\n<\/ol>\n<p>BODEGAS PRINCIPE DE VIANA, S.L. en calidad de prestador de servicios de esta web declara que utiliza procedimientos autom\u00e1ticos de recogida de informaci\u00f3n para guardar el registro de los Usuarios que visitan su p\u00e1gina web. Pulsa aqu\u00ed para acceder en nuestra pol\u00edtica de uso de cookies &lt;<a href=\"http:\/\/www.bodegasclunia.com\/politica-de-cookies\/\">enlace a apartado de \u2018Pol\u00edtica de cookies<\/a>&gt;<\/p>\n<ol start=\"4\">\n<li><strong> Protecci\u00f3n de datos<\/strong><\/li>\n<\/ol>\n<p>Puede consultar nuestra pol\u00edtica sobre protecci\u00f3n de datos de car\u00e1cter personal al siguiente apartado &lt;<a href=\"http:\/\/www.bodegasclunia.com\/politica-de-proteccion-de-datos\/\">enlace apartado pol\u00edtica protecci\u00f3n datos<\/a>&gt;<\/p>\n<ol start=\"5\">\n<li><strong> Legislaci\u00f3n aplicable<\/strong><\/li>\n<\/ol>\n<p>Las presentes Condiciones se regir\u00e1n en todo momento por lo dispuesto en la legislaci\u00f3n espa\u00f1ola.[\/vc_column_text][\/vc_column][\/vc_row]<\/p>\n","protected":false},"excerpt":{"rendered":"<p>[vc_row css_animation=&#8221;&#8221; row_type=&#8221;row&#8221; use_row_as_full_screen_section=&#8221;no&#8221; type=&#8221;full_width&#8221; angled_section=&#8221;no&#8221; text_align=&#8221;left&#8221; background_image_as_pattern=&#8221;without_pattern&#8221;][vc_column][vc_column_text] AVISO LEGAL &nbsp; En virtud del cumplimiento de la Ley 34\/2002, de 11 de Julio, de Servicios de la Sociedad de la Informaci\u00f3n y de Comercio Electr\u00f3nico, le informamos: Objeto El prestador de servicios de la p\u00e1gina&#8230;<\/p>\n","protected":false},"author":2,"featured_media":0,"parent":0,"menu_order":0,"comment_status":"closed","ping_status":"closed","template":"","meta":[],"translation":{"provider":"WPGlobus","version":"2.12.2","language":"en","enabled_languages":["es","en"],"languages":{"es":{"title":true,"content":true,"excerpt":false},"en":{"title":false,"content":false,"excerpt":false}}},"_links":{"self":[{"href":"https:\/\/www.fincaalbret.com\/en\/wp-json\/wp\/v2\/pages\/476"}],"collection":[{"href":"https:\/\/www.fincaalbret.com\/en\/wp-json\/wp\/v2\/pages"}],"about":[{"href":"https:\/\/www.fincaalbret.com\/en\/wp-json\/wp\/v2\/types\/page"}],"author":[{"embeddable":true,"href":"https:\/\/www.fincaalbret.com\/en\/wp-json\/wp\/v2\/users\/2"}],"replies":[{"embeddable":true,"href":"https:\/\/www.fincaalbret.com\/en\/wp-json\/wp\/v2\/comments?post=476"}],"version-history":[{"count":7,"href":"https:\/\/www.fincaalbret.com\/en\/wp-json\/wp\/v2\/pages\/476\/revisions"}],"predecessor-version":[{"id":516,"href":"https:\/\/www.fincaalbret.com\/en\/wp-json\/wp\/v2\/pages\/476\/revisions\/516"}],"wp:attachment":[{"href":"https:\/\/www.fincaalbret.com\/en\/wp-json\/wp\/v2\/media?parent=476"}],"curies":[{"name":"wp","href":"https:\/\/api.w.org\/{rel}","templated":true}]}}